{"id":2668,"date":"2023-01-11T10:44:58","date_gmt":"2023-01-11T09:44:58","guid":{"rendered":"https:\/\/chateaudecholoy.com\/in-and-around-the-chateau\/"},"modified":"2024-07-17T05:51:13","modified_gmt":"2024-07-17T03:51:13","slug":"in-and-around-the-chateau","status":"publish","type":"page","link":"https:\/\/chateaudecholoy.com\/en\/in-and-around-the-chateau\/","title":{"rendered":"In and around the ch\u00e2teau"},"content":{"rendered":"\n<div class=\"wp-block-uagb-container uagb-block-0b75ca55 alignfull uagb-is-root-container\"><div class=\"uagb-container-inner-blocks-wrap\">\n<div class=\"wp-block-cover alignfull\"><span aria-hidden=\"true\" class=\"wp-block-cover__background has-background-dim-30 has-background-dim\"><\/span><img loading=\"lazy\" decoding=\"async\" width=\"2048\" height=\"1365\" class=\"wp-block-cover__image-background wp-image-2461\" alt=\"Espace d\u00e9tente\" src=\"https:\/\/chateaudecholoy.com\/wp-content\/uploads\/2023\/01\/IMG_5524-1.jpg\" data-object-fit=\"cover\" srcset=\"https:\/\/chateaudecholoy.com\/wp-content\/uploads\/2023\/01\/IMG_5524-1.jpg 2048w, https:\/\/chateaudecholoy.com\/wp-content\/uploads\/2023\/01\/IMG_5524-1-300x200.jpg 300w, https:\/\/chateaudecholoy.com\/wp-content\/uploads\/2023\/01\/IMG_5524-1-1024x683.jpg 1024w, https:\/\/chateaudecholoy.com\/wp-content\/uploads\/2023\/01\/IMG_5524-1-768x512.jpg 768w, https:\/\/chateaudecholoy.com\/wp-content\/uploads\/2023\/01\/IMG_5524-1-1536x1024.jpg 1536w\" sizes=\"auto, (max-width: 2048px) 100vw, 2048px\" \/><div class=\"wp-block-cover__inner-container is-layout-flow wp-block-cover-is-layout-flow\">\n<h1 class=\"wp-block-heading has-text-align-center has-white-color has-text-color has-link-color has-x-large-font-size wp-elements-38ab39fec3e6c94ca50a31d55a698508\" style=\"font-style:normal;font-weight:500\">Things to do in and around the ch\u00e2teau<\/h1>\n<\/div><\/div>\n\n\n\n<p><br>With a surface area of 6 hectares, enclosed by walls and boasting gardens, trails and a pond with a stream, the Ch\u00e2teau de Choloy&#8217;s park is a true haven of peace calling for relaxation and simple things. Outdoor dining, walking, reading, sunbathing by the pond, bird watching, stargazing&#8230; There is no shortage of options in and around the ch\u00e2teau for enjoying the peaceful lifestyle that reigns here.<\/p>\n\n\n\n<p class=\"has-text-align-left\">Here are some ideas for activities that you can enjoy in our home and in the village, without having to drive too long.<\/p>\n\n\n\n<ul style=\"margin-top:var(--wp--preset--spacing--20);margin-right:var(--wp--preset--spacing--20);margin-bottom:var(--wp--preset--spacing--20);margin-left:var(--wp--preset--spacing--20);padding-top:0;padding-right:0;padding-bottom:0;padding-left:0\" class=\"wp-block-list\">\n<li>Pool (in the library, open in the summer &amp; mid-season only)<\/li>\n\n\n\n<li>Oenological visit (<a href=\"https:\/\/chateaudecholoy.com\/en\/the-vineyard\/\">vineyard<\/a>, cellar, tasting) <\/li>\n\n\n\n<li>Fishing in the pond (no kill)<\/li>\n\n\n\n<li>Bike on the forest paths of Choloy<\/li>\n\n\n\n<li>Strolling and hiking (Val de Passey, Choloy forest, Plateau de Domgermain)<\/li>\n\n\n\n<li>Ping-Pong<\/li>\n\n\n\n<li>P\u00e9tanque<\/li>\n\n\n\n<li>Badminton<\/li>\n\n\n\n<li>Molkky game<\/li>\n\n\n\n<li>Barbecue (charcoal barbecue available)<\/li>\n<\/ul>\n\n\n\n<p>We thank you in advance for not letting children play in the ch\u00e2teau communal interiors, around the pond or on the swing without supervision. <br><br>Do not hesitate to contact us for any information requests or activity recommendations. We know <a href=\"https:\/\/www.tourism-lorraine.com\/\" target=\"_blank\" rel=\"noreferrer noopener\">our region<\/a> well and will be happy to advise you on itineraries, things to do and local businesses.<\/p>\n<\/div><\/div>\n","protected":false},"excerpt":{"rendered":"<p>With a surface area of 6 hectares, enclosed by walls and boasting gardens, trails and a pond with a stream, the Ch\u00e2teau de Choloy&#8217;s park is a true haven of peace calling for relaxation and simple things. Outdoor dining, walking, reading, sunbathing by the pond, bird watching, stargazing&#8230; There is no shortage of options in [&hellip;]<\/p>\n","protected":false},"author":2,"featured_media":0,"parent":0,"menu_order":0,"comment_status":"closed","ping_status":"closed","template":"","meta":{"om_disable_all_campaigns":false,"_uag_custom_page_level_css":"","_monsterinsights_skip_tracking":false,"_monsterinsights_sitenote_active":false,"_monsterinsights_sitenote_note":"","_monsterinsights_sitenote_category":0,"site-sidebar-layout":"no-sidebar","site-content-layout":"boxed-container","ast-site-content-layout":"normal-width-container","site-content-style":"boxed","site-sidebar-style":"boxed","ast-global-header-display":"","ast-banner-title-visibility":"","ast-main-header-display":"","ast-hfb-above-header-display":"","ast-hfb-below-header-display":"","ast-hfb-mobile-header-display":"","site-post-title":"disabled","ast-breadcrumbs-content":"","ast-featured-img":"","footer-sml-layout":"","ast-disable-related-posts":"","theme-transparent-header-meta":"","adv-header-id-meta":"","stick-header-meta":"","header-above-stick-meta":"","header-main-stick-meta":"","header-below-stick-meta":"","astra-migrate-meta-layouts":"set","ast-page-background-enabled":"default","ast-page-background-meta":{"desktop":{"background-color":"var(--ast-global-color-4)","background-image":"","background-repeat":"repeat","background-position":"center center","background-size":"auto","background-attachment":"scroll","background-type":"","background-media":"","overlay-type":"","overlay-color":"","overlay-opacity":"","overlay-gradient":""},"tablet":{"background-color":"","background-image":"","background-repeat":"repeat","background-position":"center center","background-size":"auto","background-attachment":"scroll","background-type":"","background-media":"","overlay-type":"","overlay-color":"","overlay-opacity":"","overlay-gradient":""},"mobile":{"background-color":"","background-image":"","background-repeat":"repeat","background-position":"center center","background-size":"auto","background-attachment":"scroll","background-type":"","background-media":"","overlay-type":"","overlay-color":"","overlay-opacity":"","overlay-gradient":""}},"ast-content-background-meta":{"desktop":{"background-color":"var(--ast-global-color-5)","background-image":"","background-repeat":"repeat","background-position":"center center","background-size":"auto","background-attachment":"scroll","background-type":"","background-media":"","overlay-type":"","overlay-color":"","overlay-opacity":"","overlay-gradient":""},"tablet":{"background-color":"var(--ast-global-color-5)","background-image":"","background-repeat":"repeat","background-position":"center center","background-size":"auto","background-attachment":"scroll","background-type":"","background-media":"","overlay-type":"","overlay-color":"","overlay-opacity":"","overlay-gradient":""},"mobile":{"background-color":"var(--ast-global-color-5)","background-image":"","background-repeat":"repeat","background-position":"center center","background-size":"auto","background-attachment":"scroll","background-type":"","background-media":"","overlay-type":"","overlay-color":"","overlay-opacity":"","overlay-gradient":""}},"footnotes":""},"class_list":["post-2668","page","type-page","status-publish","hentry"],"yoast_head":"<!-- This site is optimized with the Yoast SEO plugin v27.5 - https:\/\/yoast.com\/product\/yoast-seo-wordpress\/ -->\n<title>In and around the ch\u00e2teau - Ch\u00e2teau de Choloy<\/title>\n<meta name=\"description\" content=\"With a surface of 6 hectares, Ch\u00e2teau de Choloy&#039;s park is a true haven of peace inviting to relaxation and simple things.\" \/>\n<meta name=\"robots\" content=\"index, follow, max-snippet:-1, max-image-preview:large, max-video-preview:-1\" \/>\n<link rel=\"canonical\" href=\"https:\/\/chateaudecholoy.com\/en\/in-and-around-the-chateau\/\" \/>\n<meta property=\"og:locale\" content=\"en_US\" \/>\n<meta property=\"og:type\" content=\"article\" \/>\n<meta property=\"og:title\" content=\"Things to do in and around the ch\u00e2teau\" \/>\n<meta property=\"og:description\" content=\"With a surface of 6 hectares, Ch\u00e2teau de Choloy&#039;s park is a true haven of peace inviting to relaxation and simple things.\" \/>\n<meta property=\"og:url\" content=\"https:\/\/chateaudecholoy.com\/en\/in-and-around-the-chateau\/\" \/>\n<meta property=\"og:site_name\" content=\"Ch\u00e2teau de Choloy\" \/>\n<meta property=\"article:modified_time\" content=\"2024-07-17T03:51:13+00:00\" \/>\n<meta property=\"og:image\" content=\"https:\/\/chateaudecholoy.com\/wp-content\/uploads\/2023\/01\/IMG_5524-1024x683.jpg\" \/>\n<meta name=\"twitter:card\" content=\"summary_large_image\" \/>\n<meta name=\"twitter:label1\" content=\"Est. reading time\" \/>\n\t<meta name=\"twitter:data1\" content=\"2 minutes\" \/>\n<script type=\"application\/ld+json\" class=\"yoast-schema-graph\">{\"@context\":\"https:\\\/\\\/schema.org\",\"@graph\":[{\"@type\":\"WebPage\",\"@id\":\"https:\\\/\\\/chateaudecholoy.com\\\/en\\\/in-and-around-the-chateau\\\/\",\"url\":\"https:\\\/\\\/chateaudecholoy.com\\\/en\\\/in-and-around-the-chateau\\\/\",\"name\":\"In and around the ch\u00e2teau - Ch\u00e2teau de Choloy\",\"isPartOf\":{\"@id\":\"https:\\\/\\\/chateaudecholoy.com\\\/en\\\/#website\"},\"primaryImageOfPage\":{\"@id\":\"https:\\\/\\\/chateaudecholoy.com\\\/en\\\/in-and-around-the-chateau\\\/#primaryimage\"},\"image\":{\"@id\":\"https:\\\/\\\/chateaudecholoy.com\\\/en\\\/in-and-around-the-chateau\\\/#primaryimage\"},\"thumbnailUrl\":\"https:\\\/\\\/chateaudecholoy.com\\\/wp-content\\\/uploads\\\/2023\\\/01\\\/IMG_5524-1.jpg\",\"datePublished\":\"2023-01-11T09:44:58+00:00\",\"dateModified\":\"2024-07-17T03:51:13+00:00\",\"description\":\"With a surface of 6 hectares, Ch\u00e2teau de Choloy's park is a true haven of peace inviting to relaxation and simple things.\",\"breadcrumb\":{\"@id\":\"https:\\\/\\\/chateaudecholoy.com\\\/en\\\/in-and-around-the-chateau\\\/#breadcrumb\"},\"inLanguage\":\"en-US\",\"potentialAction\":[{\"@type\":\"ReadAction\",\"target\":[\"https:\\\/\\\/chateaudecholoy.com\\\/en\\\/in-and-around-the-chateau\\\/\"]}]},{\"@type\":\"ImageObject\",\"inLanguage\":\"en-US\",\"@id\":\"https:\\\/\\\/chateaudecholoy.com\\\/en\\\/in-and-around-the-chateau\\\/#primaryimage\",\"url\":\"https:\\\/\\\/chateaudecholoy.com\\\/wp-content\\\/uploads\\\/2023\\\/01\\\/IMG_5524-1.jpg\",\"contentUrl\":\"https:\\\/\\\/chateaudecholoy.com\\\/wp-content\\\/uploads\\\/2023\\\/01\\\/IMG_5524-1.jpg\"},{\"@type\":\"BreadcrumbList\",\"@id\":\"https:\\\/\\\/chateaudecholoy.com\\\/en\\\/in-and-around-the-chateau\\\/#breadcrumb\",\"itemListElement\":[{\"@type\":\"ListItem\",\"position\":1,\"name\":\"Accueil\",\"item\":\"https:\\\/\\\/chateaudecholoy.com\\\/en\\\/\"},{\"@type\":\"ListItem\",\"position\":2,\"name\":\"In and around the ch\u00e2teau\"}]},{\"@type\":\"WebSite\",\"@id\":\"https:\\\/\\\/chateaudecholoy.com\\\/en\\\/#website\",\"url\":\"https:\\\/\\\/chateaudecholoy.com\\\/en\\\/\",\"name\":\"Ch\u00e2teau de Choloy\",\"description\":\"\",\"publisher\":{\"@id\":\"https:\\\/\\\/chateaudecholoy.com\\\/en\\\/#organization\"},\"potentialAction\":[{\"@type\":\"SearchAction\",\"target\":{\"@type\":\"EntryPoint\",\"urlTemplate\":\"https:\\\/\\\/chateaudecholoy.com\\\/en\\\/?s={search_term_string}\"},\"query-input\":{\"@type\":\"PropertyValueSpecification\",\"valueRequired\":true,\"valueName\":\"search_term_string\"}}],\"inLanguage\":\"en-US\"},{\"@type\":\"Organization\",\"@id\":\"https:\\\/\\\/chateaudecholoy.com\\\/en\\\/#organization\",\"name\":\"Ch\u00e2teau de Choloy\",\"url\":\"https:\\\/\\\/chateaudecholoy.com\\\/en\\\/\",\"logo\":{\"@type\":\"ImageObject\",\"inLanguage\":\"en-US\",\"@id\":\"https:\\\/\\\/chateaudecholoy.com\\\/en\\\/#\\\/schema\\\/logo\\\/image\\\/\",\"url\":\"https:\\\/\\\/chateaudecholoy.com\\\/wp-content\\\/uploads\\\/2023\\\/01\\\/cropped-Logo-ChateauCholoy_complet_GRAND-sans-blason-scaled.png\",\"contentUrl\":\"https:\\\/\\\/chateaudecholoy.com\\\/wp-content\\\/uploads\\\/2023\\\/01\\\/cropped-Logo-ChateauCholoy_complet_GRAND-sans-blason-scaled.png\",\"width\":2560,\"height\":1176,\"caption\":\"Ch\u00e2teau de Choloy\"},\"image\":{\"@id\":\"https:\\\/\\\/chateaudecholoy.com\\\/en\\\/#\\\/schema\\\/logo\\\/image\\\/\"}}]}<\/script>\n<!-- \/ Yoast SEO plugin. -->","yoast_head_json":{"title":"In and around the ch\u00e2teau - Ch\u00e2teau de Choloy","description":"With a surface of 6 hectares, Ch\u00e2teau de Choloy's park is a true haven of peace inviting to relaxation and simple things.","robots":{"index":"index","follow":"follow","max-snippet":"max-snippet:-1","max-image-preview":"max-image-preview:large","max-video-preview":"max-video-preview:-1"},"canonical":"https:\/\/chateaudecholoy.com\/en\/in-and-around-the-chateau\/","og_locale":"en_US","og_type":"article","og_title":"Things to do in and around the ch\u00e2teau","og_description":"With a surface of 6 hectares, Ch\u00e2teau de Choloy's park is a true haven of peace inviting to relaxation and simple things.","og_url":"https:\/\/chateaudecholoy.com\/en\/in-and-around-the-chateau\/","og_site_name":"Ch\u00e2teau de Choloy","article_modified_time":"2024-07-17T03:51:13+00:00","og_image":[{"url":"https:\/\/chateaudecholoy.com\/wp-content\/uploads\/2023\/01\/IMG_5524-1024x683.jpg","type":"","width":"","height":""}],"twitter_card":"summary_large_image","twitter_misc":{"Est. reading time":"2 minutes"},"schema":{"@context":"https:\/\/schema.org","@graph":[{"@type":"WebPage","@id":"https:\/\/chateaudecholoy.com\/en\/in-and-around-the-chateau\/","url":"https:\/\/chateaudecholoy.com\/en\/in-and-around-the-chateau\/","name":"In and around the ch\u00e2teau - Ch\u00e2teau de Choloy","isPartOf":{"@id":"https:\/\/chateaudecholoy.com\/en\/#website"},"primaryImageOfPage":{"@id":"https:\/\/chateaudecholoy.com\/en\/in-and-around-the-chateau\/#primaryimage"},"image":{"@id":"https:\/\/chateaudecholoy.com\/en\/in-and-around-the-chateau\/#primaryimage"},"thumbnailUrl":"https:\/\/chateaudecholoy.com\/wp-content\/uploads\/2023\/01\/IMG_5524-1.jpg","datePublished":"2023-01-11T09:44:58+00:00","dateModified":"2024-07-17T03:51:13+00:00","description":"With a surface of 6 hectares, Ch\u00e2teau de Choloy's park is a true haven of peace inviting to relaxation and simple things.","breadcrumb":{"@id":"https:\/\/chateaudecholoy.com\/en\/in-and-around-the-chateau\/#breadcrumb"},"inLanguage":"en-US","potentialAction":[{"@type":"ReadAction","target":["https:\/\/chateaudecholoy.com\/en\/in-and-around-the-chateau\/"]}]},{"@type":"ImageObject","inLanguage":"en-US","@id":"https:\/\/chateaudecholoy.com\/en\/in-and-around-the-chateau\/#primaryimage","url":"https:\/\/chateaudecholoy.com\/wp-content\/uploads\/2023\/01\/IMG_5524-1.jpg","contentUrl":"https:\/\/chateaudecholoy.com\/wp-content\/uploads\/2023\/01\/IMG_5524-1.jpg"},{"@type":"BreadcrumbList","@id":"https:\/\/chateaudecholoy.com\/en\/in-and-around-the-chateau\/#breadcrumb","itemListElement":[{"@type":"ListItem","position":1,"name":"Accueil","item":"https:\/\/chateaudecholoy.com\/en\/"},{"@type":"ListItem","position":2,"name":"In and around the ch\u00e2teau"}]},{"@type":"WebSite","@id":"https:\/\/chateaudecholoy.com\/en\/#website","url":"https:\/\/chateaudecholoy.com\/en\/","name":"Ch\u00e2teau de Choloy","description":"","publisher":{"@id":"https:\/\/chateaudecholoy.com\/en\/#organization"},"potentialAction":[{"@type":"SearchAction","target":{"@type":"EntryPoint","urlTemplate":"https:\/\/chateaudecholoy.com\/en\/?s={search_term_string}"},"query-input":{"@type":"PropertyValueSpecification","valueRequired":true,"valueName":"search_term_string"}}],"inLanguage":"en-US"},{"@type":"Organization","@id":"https:\/\/chateaudecholoy.com\/en\/#organization","name":"Ch\u00e2teau de Choloy","url":"https:\/\/chateaudecholoy.com\/en\/","logo":{"@type":"ImageObject","inLanguage":"en-US","@id":"https:\/\/chateaudecholoy.com\/en\/#\/schema\/logo\/image\/","url":"https:\/\/chateaudecholoy.com\/wp-content\/uploads\/2023\/01\/cropped-Logo-ChateauCholoy_complet_GRAND-sans-blason-scaled.png","contentUrl":"https:\/\/chateaudecholoy.com\/wp-content\/uploads\/2023\/01\/cropped-Logo-ChateauCholoy_complet_GRAND-sans-blason-scaled.png","width":2560,"height":1176,"caption":"Ch\u00e2teau de Choloy"},"image":{"@id":"https:\/\/chateaudecholoy.com\/en\/#\/schema\/logo\/image\/"}}]}},"uagb_featured_image_src":{"full":false,"thumbnail":false,"medium":false,"medium_large":false,"large":false,"1536x1536":false,"2048x2048":false},"uagb_author_info":{"display_name":"marie","author_link":"https:\/\/chateaudecholoy.com\/en\/author\/marie\/"},"uagb_comment_info":0,"uagb_excerpt":"With a surface area of 6 hectares, enclosed by walls and boasting gardens, trails and a pond with a stream, the Ch\u00e2teau de Choloy&#8217;s park is a true haven of peace calling for relaxation and simple things. Outdoor dining, walking, reading, sunbathing by the pond, bird watching, stargazing&#8230; There is no shortage of options in&hellip;","_links":{"self":[{"href":"https:\/\/chateaudecholoy.com\/en\/wp-json\/wp\/v2\/pages\/2668","targetHints":{"allow":["GET"]}}],"collection":[{"href":"https:\/\/chateaudecholoy.com\/en\/wp-json\/wp\/v2\/pages"}],"about":[{"href":"https:\/\/chateaudecholoy.com\/en\/wp-json\/wp\/v2\/types\/page"}],"author":[{"embeddable":true,"href":"https:\/\/chateaudecholoy.com\/en\/wp-json\/wp\/v2\/users\/2"}],"replies":[{"embeddable":true,"href":"https:\/\/chateaudecholoy.com\/en\/wp-json\/wp\/v2\/comments?post=2668"}],"version-history":[{"count":11,"href":"https:\/\/chateaudecholoy.com\/en\/wp-json\/wp\/v2\/pages\/2668\/revisions"}],"predecessor-version":[{"id":3823,"href":"https:\/\/chateaudecholoy.com\/en\/wp-json\/wp\/v2\/pages\/2668\/revisions\/3823"}],"wp:attachment":[{"href":"https:\/\/chateaudecholoy.com\/en\/wp-json\/wp\/v2\/media?parent=2668"}],"curies":[{"name":"wp","href":"https:\/\/api.w.org\/{rel}","templated":true}]}}